{"id":613,"date":"2013-03-30T16:58:23","date_gmt":"2013-03-30T14:58:23","guid":{"rendered":"https:\/\/www.canal-literatura.com\/Apoesia7\/?page_id=613"},"modified":"2013-04-11T01:21:15","modified_gmt":"2013-04-10T23:21:15","slug":"ganadores-y-cronicas","status":"publish","type":"page","link":"https:\/\/www.canal-literatura.com\/Apoesia7\/ganadores-y-cronicas\/","title":{"rendered":"Ganadores y cr\u00f3nicas"},"content":{"rendered":"<p style=\"text-align: center;\">\u00a0<strong>\u00c1ngel D\u00edez \u00c1lvarez (Barcelona \u2013 Espa\u00f1a)<\/strong><br \/>\n<strong>Primer premio<\/strong><\/p>\n<div id=\"attachment_615\" style=\"width: 460px\" class=\"wp-caption aligncenter\"><a href=\"https:\/\/www.canal-literatura.com\/Apoesia7\/wp\/wp-content\/uploads\/2013\/03\/canal-literatura-161-2013.jpg\"><img loading=\"lazy\" decoding=\"async\" aria-describedby=\"caption-attachment-615\" class=\"wp-image-615 \" title=\"primer premio\" alt=\"Mati Morata leyendo el texto de \u00c1ngel D\u00edez en presencia del jurado, Sebasti\u00e1n Mondejar y Mari Cruz Ag\u00fcera.\" src=\"https:\/\/www.canal-literatura.com\/Apoesia7\/wp\/wp-content\/uploads\/2013\/03\/canal-literatura-161-2013.jpg\" width=\"450\" height=\"300\" srcset=\"https:\/\/www.canal-literatura.com\/Apoesia7\/wp\/wp-content\/uploads\/2013\/03\/canal-literatura-161-2013.jpg 640w, https:\/\/www.canal-literatura.com\/Apoesia7\/wp\/wp-content\/uploads\/2013\/03\/canal-literatura-161-2013-300x200.jpg 300w, https:\/\/www.canal-literatura.com\/Apoesia7\/wp\/wp-content\/uploads\/2013\/03\/canal-literatura-161-2013-451x300.jpg 451w, https:\/\/www.canal-literatura.com\/Apoesia7\/wp\/wp-content\/uploads\/2013\/03\/canal-literatura-161-2013-148x99.jpg 148w, https:\/\/www.canal-literatura.com\/Apoesia7\/wp\/wp-content\/uploads\/2013\/03\/canal-literatura-161-2013-31x21.jpg 31w, https:\/\/www.canal-literatura.com\/Apoesia7\/wp\/wp-content\/uploads\/2013\/03\/canal-literatura-161-2013-38x25.jpg 38w, https:\/\/www.canal-literatura.com\/Apoesia7\/wp\/wp-content\/uploads\/2013\/03\/canal-literatura-161-2013-323x215.jpg 323w\" sizes=\"auto, (max-width: 450px) 100vw, 450px\" \/><\/a><p id=\"caption-attachment-615\" class=\"wp-caption-text\">Mati Morata leyendo el texto de \u00c1ngel D\u00edez en presencia del jurado, Sebasti\u00e1n Mondejar y Mari Cruz Ag\u00fcera.<\/p><\/div>\n<div style=\"width: 410px\" class=\"wp-caption aligncenter\"><img loading=\"lazy\" decoding=\"async\" class=\" \" title=\"\u00c1ngel D\u00edez \u00c1lvarez con su trofeo en Barcelona\" alt=\"\u00c1ngel D\u00edez \u00c1lvarez con su trofeo en Barcelona\" src=\"https:\/\/canal-literatura.com\/fotos\/Primer-premio,Angel-Diez2013.jpg\" width=\"400\" height=\"323\" \/><p class=\"wp-caption-text\">\u00c1ngel D\u00edez \u00c1lvarez con su trofeo que le entreg\u00f3 la ganadora del certamen de narrativa Laura S\u00e1nchez en Barcelona<\/p><\/div>\n<p style=\"text-align: center;\"><a title=\"Enlace permanente a 27- Ocasos. Por Poeta de agua y sombras\" href=\"https:\/\/www.canal-literatura.com\/Apoesia7\/?p=231\" rel=\"bookmark\">27- Ocasos. Por Poeta de agua y sombras<\/a><\/p>\n<p style=\"text-align: left;\">Queridos amigos:<\/p>\n<p style=\"text-align: justify;\">Segu\u00ed por Internet la entrega de los premios, Poemas sin Rostro 2012.<\/p>\n<p style=\"text-align: justify;\">Es dif\u00edcil expresar con palabras la emoci\u00f3n que sent\u00ed, junto a las personas que me acompa\u00f1aban.<\/p>\n<p style=\"text-align: justify;\">El momento m\u00e1s emotivo fue la lectura, de forma magistral por mi representante, del texto de gratitud. Las palabras en su c\u00e1lida voz se transformaron y crecieron, dejaron de ser m\u00edas; volaron hacia otras almas y otros corazones.<br \/>\n\u00a1Gracias por hacerme tan feliz!!<\/p>\n<p style=\"text-align: justify;\">Es fant\u00e1stica la labor que esta haciendo Canal Literatura dando voz y apoyando a los escritores noveles, y especialmente a la creaci\u00f3n po\u00e9tica, que creo necesita toda la ayuda que podamos darle. Prometo, desde aqu\u00ed, colaborar alguna vez y poner as\u00ed mi peque\u00f1o grano de arena.<\/p>\n<p style=\"text-align: justify;\">Y ya que hablamos de poes\u00eda dejadme que dedique unos versos, en se\u00f1al de eterna gratitud, a todos los que alguna os hab\u00e9is detenido a escuchar el discreto murmullo de mi cauce.<\/p>\n<p style=\"text-align: justify;\">Hoy he dejado colgada la tristeza<br \/>\nen las aristas del tiempo transcurrido.<\/p>\n<p style=\"text-align: justify;\">He sido \u00e1rbol, est\u00e1tico y paciente,<br \/>\npara vertirme en sombra si pasabas.<\/p>\n<p style=\"text-align: justify;\">Brisa ligera surgiendo de las olas,<br \/>\nbuscando por las calles tu silueta<br \/>\npara arrancar, si acaso, de tu frente,<br \/>\nlas semillas nocivas de la angustia&#8230;<\/p>\n<p style=\"text-align: justify;\">Un sincero y c\u00e1lido abrazo,<\/p>\n<p style=\"text-align: justify;\"><strong>Angel V D\u00edez \u00c1lvarez<\/strong><\/p>\n<p style=\"text-align: center;\"><strong>Elena Marqu\u00e9s N\u00fa\u00f1ez (Sevilla \u2013 Espa\u00f1a)<\/strong><br \/>\n<strong>Segundo Premio<\/strong><\/p>\n<p style=\"text-align: center;\"><a href=\"https:\/\/www.canal-literatura.com\/Apoesia7\/wp\/wp-content\/uploads\/2013\/03\/Elenamarques-sebastianmondejar.jpg\"><img loading=\"lazy\" decoding=\"async\" class=\"aligncenter size-full wp-image-618\" alt=\"Elenamarques-sebastianmondejar\" src=\"https:\/\/www.canal-literatura.com\/Apoesia7\/wp\/wp-content\/uploads\/2013\/03\/Elenamarques-sebastianmondejar.jpg\" width=\"500\" height=\"334\" srcset=\"https:\/\/www.canal-literatura.com\/Apoesia7\/wp\/wp-content\/uploads\/2013\/03\/Elenamarques-sebastianmondejar.jpg 500w, https:\/\/www.canal-literatura.com\/Apoesia7\/wp\/wp-content\/uploads\/2013\/03\/Elenamarques-sebastianmondejar-300x200.jpg 300w, https:\/\/www.canal-literatura.com\/Apoesia7\/wp\/wp-content\/uploads\/2013\/03\/Elenamarques-sebastianmondejar-449x300.jpg 449w, https:\/\/www.canal-literatura.com\/Apoesia7\/wp\/wp-content\/uploads\/2013\/03\/Elenamarques-sebastianmondejar-148x99.jpg 148w, https:\/\/www.canal-literatura.com\/Apoesia7\/wp\/wp-content\/uploads\/2013\/03\/Elenamarques-sebastianmondejar-31x21.jpg 31w, https:\/\/www.canal-literatura.com\/Apoesia7\/wp\/wp-content\/uploads\/2013\/03\/Elenamarques-sebastianmondejar-38x25.jpg 38w, https:\/\/www.canal-literatura.com\/Apoesia7\/wp\/wp-content\/uploads\/2013\/03\/Elenamarques-sebastianmondejar-322x215.jpg 322w\" sizes=\"auto, (max-width: 500px) 100vw, 500px\" \/><\/a><\/p>\n<p style=\"text-align: center;\"><a title=\"Enlace permanente a 61- Para m\u00ed las palabras. Por Marco Aurelio\" href=\"https:\/\/www.canal-literatura.com\/Apoesia7\/?p=391\" rel=\"bookmark\">61- Para m\u00ed las palabras. Por Marco Aurelio<\/a><\/p>\n<p style=\"text-align: justify;\">Que escriba una cr\u00f3nica, me dicen. Y me lanzo desesperada a buscar su exacta definici\u00f3n para estar segura de la tarea a que me enfrento, pues, hasta la presente, solo he perge\u00f1ado algunas f\u00e1bulas, varios microrrelatos y muy malos poemas, nada de \u00abhistorias compilatorias en que se observa el orden cronol\u00f3gico\u00bb, donde se da cabida a testigos presenciales con sus voces distintas y cercanas y su palpable sensaci\u00f3n de verosimilitud.<br \/>\nAdem\u00e1s, despu\u00e9s de un viaje largo y tantas emociones, de encuentros con escritores consagrados, cuentistas a medio hacer y amigos incondicionales de las letras, me iba resultar muy dif\u00edcil enderezar el hilo con que realmente se apuntaron los acontecimientos.<br \/>\nGracias a los hados, o a las musas, o a alg\u00fan \u00c1ngel de la guarda que vela por nosotros, los \u00abplumillas\u00bb (para Salinas, don Miguel de Cervantes o Unamuno, que por algo comparten nombre con alguno de esos esp\u00edritus celestes), me top\u00e9 con otra ben\u00e9fica acepci\u00f3n de \u00abcr\u00f3nica\u00bb que, centrada en un tema de actualidad, se inscribe dentro del g\u00e9nero period\u00edstico, y, en un quiebro po\u00e9tico y colorista, distingue entre blanca y amarilla, y observa que, en esta \u00faltima, la voz autorizada no es sino una persona com\u00fan y corriente a la que se le permite ser subjetiva y emplear un lenguaje sencillo o, si es su deseo, literario.<br \/>\nEntonces he respirado tranquila, pues eso me da pie a contar mi propia e indiscutible versi\u00f3n de los hechos a la manera en que me vengan a la cabeza, en el orden en que el recuerdo, o m\u00e1s bien la nostalgia, me permita recuperarlos.<br \/>\nPara relatar lo sucedido en Murcia el d\u00eda 22 de marzo deber\u00eda circunscribirme a lo que vi y escuch\u00e9 en la concurrida y animada mesa 7, junto a la puerta de entrada; una peque\u00f1a pero no por ello menos representativa isla donde tuve la suerte de coincidir con el siempre adorado por el p\u00fablico Lovecraft, con finalistas de los dos cert\u00e1menes, poetas y narradores, con alguna indispensable comentarista y, por supuesto, con los siempre necesarios familiares que nos apoyan incondicionalmente en nuestra aventura verbal.<br \/>\nAll\u00ed se habl\u00f3 de lo divino y de lo humano, y re\u00edmos al recordar estos meses de encuentros y, por qu\u00e9 no, de desencuentros, aquellas decepciones al revelar lo que se ocultaba bajo las m\u00e1scaras y pseud\u00f3nimos y descubrir, entre otras cosas, que el \u00abatractivo\u00bb Asesino de Morfeo vest\u00eda faldas. \u00abQu\u00e9 es la literatura sino enga\u00f1o\u00bb, comentamos entre gui\u00f1os; qu\u00e9 son las p\u00e1ginas sino escenarios donde representar nuestro papel, uno distinto en cada momento o varios, en fin, al mismo tiempo.<br \/>\nY entonces se hizo evidente que es en ese teatro de la p\u00e1gina en blanco, o la pantalla iluminada de cursor parpadeante, donde m\u00e1s a gusto nos sentimos, pues, al ir nombrando a finalistas y premiados, al subir esos tres (o dos, qui\u00e9n lo recuerda) escalones para llegar al estrado a encarar a Sebasti\u00e1n Mond\u00e9jar y Mari Cruz Ag\u00fcera, al encontrarse de frente con la mirada profunda de do\u00f1a Carmen Posadas, a m\u00e1s de uno le temblaron las manos y la voz y se le quebr\u00f3 la sonrisa que la cena y el vino le hab\u00edan generosamente otorgado.<br \/>\nR\u00e1pida se nos hizo la entrega de galardones y trofeos, desde el Premio del P\u00fablico de Poes\u00eda, que tuve la suerte de recibir de manos de Yolanda S\u00e1enz de Tejada (a la que a partir de ahora no solo admirar\u00e9 por sus versos, sino por su eterna sonrisa), pasando por el desfile de ilusionados finalistas del VII Certamen Poemas sin Rostro, que ya no eran Toni Casu\u00e9s ni Barbastristes; ni Germain ni el Poeta de agua y sombras, que se alz\u00f3 con el triunfo; ni Bruja ni Mart\u00edn Roma\u00f1a; ni el invencible Ave F\u00e9nix ni la sabia Atenea o Ars Domina; ni el Marco Aurelio que en este caso tambi\u00e9n era mujer (mucho nombre cl\u00e1sico para mujeres modernas), sino los t\u00edmidos rostros de quienes bajo esos lemas se escond\u00edan y se rev(b)elaban o algunos compa\u00f1eros bien dispuestos a recoger en su nombre el preciado galard\u00f3n.<br \/>\nY luego los aplausos al Premio del P\u00fablico de Narrativa Breve, don \u00c1ngel Guardiola, y a la Asesina de Morfeo (que no de nuestros sue\u00f1os), compartiendo podio como buenos compa\u00f1eros y cedi\u00e9ndole tambi\u00e9n su lugar de honor a un don Juan Tenorio que a todos enamora.<br \/>\nNo s\u00e9 si me estoy alargando demasiado o corriendo m\u00e1s de la cuenta. Quiz\u00e1s sea porque todo se pas\u00f3 como un suspiro (as\u00ed es el tiempo de caprichoso en los momentos pl\u00e1cidos), porque enseguida empezaron t\u00edmidamente a asomar los finalistas del certamen de relatos; un nutrido grupo de bien avenidos comentaristas que ahora enmudec\u00edan por los nervios.<br \/>\nTampoco podr\u00eda decir si fue Pablo o fue Gabriela quien los nombr\u00f3 a los quince, despojados de sus inventadas personalidades, resurgiendo tras Fanny Prices, Nuak, Sol, Luna (que desde M\u00e9xico nos envi\u00f3 un cordial saludo), Juana Lomas, Lotte Goodwin, Sacha, Mario Montes, Alexander B\u00fcrgameister, Metafastro (un saludo especial a sus ojos de poeta), Thomas Guh\u00f3 (quien, aunque no era Allan Poe, a nadie podr\u00e1 nunca decepcionar), Nairobi, la gran triunfadora, que pidi\u00f3 un reconocimiento para todos los participantes y eso m\u00e1s que nada la hace grande, Maurice Kraft, Tatu y nuestra Vieja Ifigenia, desde distintos puntos del globo pero con una misma lengua y una misma e irreductible ilusi\u00f3n.<br \/>\n\u00bfQu\u00e9 m\u00e1s podr\u00eda decir? Que a\u00fan ten\u00edamos la noche por delante para compartir experiencias, intercambiar tel\u00e9fonos, escribir en una servilleta el correo electr\u00f3nico donde continuar esa extra\u00f1amente intensa relaci\u00f3n y algunas conversaciones que el sue\u00f1o o las obligaciones llegaron a interrumpir. Toda una fiesta este encuentro, aunque faltara Antonio, mecenas y cofundador del Canal a quien tambi\u00e9n recordaron en un velada m\u00e1gica.<br \/>\nDorm\u00ed de un tir\u00f3n aquella noche, yo que tanto lucho con las s\u00e1banas, entre otras muchas batallas que emprendo cada d\u00eda.<br \/>\nSer\u00eda que esa en cuesti\u00f3n hab\u00eda sido en buena lid y todos salimos vencedores, pues nuestras espadas eran como labios y quedaba demostrado que la pluma es m\u00e1s poderosa que todos los floretes y la poes\u00eda un arma cargada de futuro.<\/p>\n<p style=\"text-align: justify;\"><strong>Elena-Marco Aurelio-Lotte Goodwin<\/strong><br \/>\nSevilla, 26 de marzo de 2013<\/p>\n<p style=\"text-align: center;\"><strong><strong>Segismundo Fern\u00e1ndez Tiz\u00f3n Orense (Orense \u2013 Espa\u00f1a) <\/strong><\/strong><\/p>\n<p style=\"text-align: center;\"><strong><strong>Tercer premio<\/strong><\/strong><\/p>\n<p style=\"text-align: center;\"><strong><strong><a href=\"https:\/\/www.canal-literatura.com\/Apoesia7\/wp\/wp-content\/uploads\/2013\/03\/segismundoycruzaguera.jpg\"><img loading=\"lazy\" decoding=\"async\" class=\"aligncenter size-full wp-image-619\" title=\"Segismundo Fern\u00e1ndez Tiz\u00f3n y Mari Cruz Ag\u00fcera\" alt=\"Segismundo Fern\u00e1ndez Tiz\u00f3n y Mari Cruz Ag\u00fcera\" src=\"https:\/\/www.canal-literatura.com\/Apoesia7\/wp\/wp-content\/uploads\/2013\/03\/segismundoycruzaguera.jpg\" width=\"500\" height=\"377\" srcset=\"https:\/\/www.canal-literatura.com\/Apoesia7\/wp\/wp-content\/uploads\/2013\/03\/segismundoycruzaguera.jpg 500w, https:\/\/www.canal-literatura.com\/Apoesia7\/wp\/wp-content\/uploads\/2013\/03\/segismundoycruzaguera-300x226.jpg 300w, https:\/\/www.canal-literatura.com\/Apoesia7\/wp\/wp-content\/uploads\/2013\/03\/segismundoycruzaguera-398x300.jpg 398w, https:\/\/www.canal-literatura.com\/Apoesia7\/wp\/wp-content\/uploads\/2013\/03\/segismundoycruzaguera-148x112.jpg 148w, https:\/\/www.canal-literatura.com\/Apoesia7\/wp\/wp-content\/uploads\/2013\/03\/segismundoycruzaguera-31x23.jpg 31w, https:\/\/www.canal-literatura.com\/Apoesia7\/wp\/wp-content\/uploads\/2013\/03\/segismundoycruzaguera-38x29.jpg 38w, https:\/\/www.canal-literatura.com\/Apoesia7\/wp\/wp-content\/uploads\/2013\/03\/segismundoycruzaguera-285x215.jpg 285w\" sizes=\"auto, (max-width: 500px) 100vw, 500px\" \/><\/a><\/strong><\/strong><a title=\"Enlace permanente a 57-Te esperar\u00e9. Por Barbastristes\" href=\"https:\/\/www.canal-literatura.com\/Apoesia7\/?p=372\" rel=\"bookmark\">57-Te esperar\u00e9. Por Barbastristes<\/a><\/p>\n<p style=\"text-align: justify;\">De repente el suelo se hundi\u00f3 bajo sus pies. De encontrarse entre amigos, conversando y poblando el momento de palabras, sentimientos, y -c\u00f3mo no- algo de poes\u00eda, todo cambi\u00f3 al oir su nombre por la megafon\u00eda de la sala. \\\u00bbBueno, all\u00e1 vamos, hay que pasarlo\\\u00bb se dijo, esperando que los nombres finales recayesen en alg\u00fan conocido de d\u00edas anteriores, o incluso en alguna de aquellas nuevas amistades que la noche le hab\u00eda ido brindando, entre bromas -alguno se qued\u00f3 con ganas de hincarle el diente al granulado de los vasos-, aprendizaje, sorpresas, y esas cosas que luego llenan las maletas de vuelta a la rutina. Y si antes fuera el v\u00e9rtigo de hacer una presentaci\u00f3n -qu\u00e9 lejos quedaba eso ya- ahora era el v\u00e9rtigo de saberse m\u00e1s alto de lo que hab\u00eda so\u00f1ado, ser un igual entre poetas que hab\u00edan demostrado ser grandes tantas y tantas veces&#8230; y de repente un nombre conocido, que son\u00f3 extra\u00f1o, como un disparo de palabras, un trofeo que pesaba como pesa saber que no hay marcha atr\u00e1s, el abrazo de una poeta admirada como tal y como persona, esa peque\u00f1a borrachera del momento en que te das cuenta que no sabes qu\u00e9 decir. Y luego otro nombre, y otro, y la alegr\u00eda de ver recompensado el trabajo de dos compa\u00f1eros de armas, justamente por encima del propio. Fotos, sin saber d\u00f3nde colocarse, c\u00f3mo, qu\u00e9 hacer&#8230; Y vuelta a la mesa. por fin, una silla, los compa\u00f1eros de hace unos minutos -\\\u00bbdios, c\u00f3mo ech\u00e9 de menos su compa\u00f1\u00eda all\u00e1 arriba\\\u00bb, pens\u00f3- y la normalidad, con su abrazo, que le dice al oido que ya el mal rato ha pasado, que ha estado bien, que pida otro vaso de agua.<\/p>\n<p style=\"text-align: justify;\">Despu\u00e9s de la noche, una noche que nadie quer\u00eda que terminase, el sue\u00f1o reparador -mal llamado sue\u00f1o pues el verdadero sue\u00f1o hab\u00eda tenido lugar para todos nosotros mientras duraba el Certamen- y por la ma\u00f1ana raci\u00f3n extra de desayuno para tomar fuerzas y vivir con la intensidad de los amantes de la palabra las presentaciones de los libros de los nuevos amigos. Ya parec\u00eda una experiencia muy lejana en el tiempo haber asistido el d\u00eda anterior a las primeras presentaciones, viendo a un poeta sucumbir ante un alud de ollas de acero inoxidable; asistir al \u00faltimo discurso del general Santib\u00e1\u00f1ez; disfrutar con la per-versidad del libro de las carencias del alma de Yolanda, ese ser de luz que revolotea por el canal buscando cubalibres de ternura, y con la firme promesa a la Dama Blanca de ser m\u00e1s puntual la pr\u00f3xima vez, para descubrir que Mar\u00eda, efectivamente, no es tonta-&#8230; y de repente, otra vez rodeado de grandes escritores a los que pod\u00eda llamar ahora amigos, como Felisa, que me reclut\u00f3 para su Club de las Palabras Prohibidas para proteger la palabra \\\u00bbPOSIBLE\\\u00bb, o la sencilla transparencia de Amelia deshojando la flor de su inspiraci\u00f3n ante los que all\u00ed est\u00e1bamos, como deshoja en su libro los entresijos de los amores del maestro Dickens, para seguidamente rematar con un apasionante viaje a los recuerdos de un testigo de los \u00faltimos momentos de la familia imperial rusa de manos de la siempre envolvente Carmen Posadas..<\/p>\n<p style=\"text-align: justify;\">Cuando ya todo parec\u00eda destinado a desvanecerse, los vates y literatos se volvieron por un momento terrenales -ese momento entre la gloria y el destino, en el que el mundo te golpea y te hace pisar el suelo- y decidieron alimentar el cuerpo como anteriormente hab\u00edan alimentado el alma, y en una terraza de Murcia sucedi\u00f3 algo m\u00ednimo pero muy grande. Entre risas, ca\u00f1as y el calor de la amistad creciente -\u00a1qu\u00e9 descubrimiento aqu\u00e9l caf\u00e9 asi\u00e1tico de manos de Antonio Soriano!-, una demanda amable de la organizadora dio lugar a una peque\u00f1a muestra de cari\u00f1o y a un \\\u00bbmomento paparazzi\\\u00bb lleno de emotividad&#8230; el broche perfecto para no querer irse, para cerrar esa maleta de emociones que se hab\u00eda abierto el d\u00eda anterior, pero que parec\u00eda haberse estado llenando durante siglos, de cargado que lleg\u00f3 a su destino.<br \/>\nEl hombre record\u00f3 por \u00faltima vez todo aquello, las caras volvieron a pasar por su memoria como para atesorarlas en un rinc\u00f3n especial, y Sevilla, Barcelona, Alemania, Madrid, Coru\u00f1a, y otros tantos lugares y personas ocuparon su sitio en el recuerdo, que se apresur\u00f3 a cerrar poniendo fin a aquel tropel de letras en desorden, como desordenado estaba su coraz\u00f3n todav\u00eda.<\/p>\n<p style=\"text-align: justify;\">Respirando aliviado por terminar su extenso resumen, sus dedos pulsaron la combinaci\u00f3n de teclas que servir\u00edan de firma para el informe de<\/p>\n<p style=\"text-align: justify;\">\u00a0<strong>Segismundo.<\/strong><\/p>\n<p style=\"text-align: justify;\">Fotos:<a href=\"https:\/\/www.joaquinzamora.es\/\" target=\"_blank\">\u00a0\u00a9Joaquin Zamora<\/a><\/p>\n","protected":false},"excerpt":{"rendered":"<p>\u00a0\u00c1ngel D\u00edez \u00c1lvarez (Barcelona \u2013 Espa\u00f1a) Primer premio 27- Ocasos. Por Poeta de agua y sombras Queridos amigos: Segu\u00ed por Internet la entrega de los premios, Poemas sin Rostro 2012. Es dif\u00edcil expresar con palabras la emoci\u00f3n que sent\u00ed, junto &hellip; <a href=\"https:\/\/www.canal-literatura.com\/Apoesia7\/ganadores-y-cronicas\/\">Sigue leyendo <span class=\"meta-nav\">&rarr;<\/span><\/a><\/p>\n","protected":false},"author":1,"featured_media":0,"parent":0,"menu_order":0,"comment_status":"open","ping_status":"open","template":"sidebar-page.php","meta":{"footnotes":""},"class_list":["post-613","page","type-page","status-publish","hentry"],"_links":{"self":[{"href":"https:\/\/www.canal-literatura.com\/Apoesia7\/wp-json\/wp\/v2\/pages\/613","targetHints":{"allow":["GET"]}}],"collection":[{"href":"https:\/\/www.canal-literatura.com\/Apoesia7\/wp-json\/wp\/v2\/pages"}],"about":[{"href":"https:\/\/www.canal-literatura.com\/Apoesia7\/wp-json\/wp\/v2\/types\/page"}],"author":[{"embeddable":true,"href":"https:\/\/www.canal-literatura.com\/Apoesia7\/wp-json\/wp\/v2\/users\/1"}],"replies":[{"embeddable":true,"href":"https:\/\/www.canal-literatura.com\/Apoesia7\/wp-json\/wp\/v2\/comments?post=613"}],"version-history":[{"count":0,"href":"https:\/\/www.canal-literatura.com\/Apoesia7\/wp-json\/wp\/v2\/pages\/613\/revisions"}],"wp:attachment":[{"href":"https:\/\/www.canal-literatura.com\/Apoesia7\/wp-json\/wp\/v2\/media?parent=613"}],"curies":[{"name":"wp","href":"https:\/\/api.w.org\/{rel}","templated":true}]}}