{"id":2,"date":"2012-03-14T13:08:27","date_gmt":"2012-03-14T12:08:27","guid":{"rendered":"https:\/\/www.canal-literatura.com\/Apoesia7\/wp\/?page_id=2"},"modified":"2012-04-05T00:56:47","modified_gmt":"2012-04-04T22:56:47","slug":"pagina-ejemplo","status":"publish","type":"page","link":"https:\/\/www.canal-literatura.com\/Apoesia7\/pagina-ejemplo\/","title":{"rendered":"Bases"},"content":{"rendered":"<p align=\"center\"><span style=\"color: #993300;\"><strong>Bases del certamen<\/strong><\/span><\/p>\n<p style=\"text-align: justify;\"><strong>1<\/strong>. Podr\u00e1 participar en este certamen cualquier autor mayor de edad que lo desee, <strong>con una sola obra<\/strong>, escrita en espa\u00f1ol.<\/p>\n<p style=\"text-align: justify;\">a)-<strong> Quedan excluidos para participar<\/strong> los\u00a0premiados en \u00a0la edici\u00f3n anterior en cualquiera de sus categor\u00edas (Primer premio del certamen y\u00a0 Premio Especial del P\u00fablico)<\/p>\n<p style=\"text-align: justify;\"><strong>2<\/strong>. El tema es libre.<\/p>\n<p style=\"text-align: justify;\"><strong>3<\/strong>. Los trabajos presentados deber\u00e1n ser originales e in\u00e9ditos (incluido Internet) y no premiados ni pendientes de fallos en otros cert\u00e1menes. Cualquier comprobaci\u00f3n en este sentido ser\u00e1 motivo de descalificaci\u00f3n autom\u00e1tica.<\/p>\n<p style=\"text-align: justify;\"><strong>4<\/strong>. La extensi\u00f3n de los poemas tendr\u00e1 un l\u00edmite entre <strong>10 versos m\u00ednimo y 60 m\u00e1ximo. <\/strong><\/p>\n<p style=\"text-align: justify;\"><strong>5<\/strong>. Las obras deber\u00e1n ser remitidas en soporte inform\u00e1tico. En un correo electr\u00f3nico que<strong> incluir\u00e1 los siguientes documentos adjuntos <\/strong>debidamente cumplimentados con una <strong>imagen del documento de identidad acreditativo<\/strong>, a la direcci\u00f3n:<\/p>\n<p style=\"text-align: justify;\" align=\"center\"><strong><a href=\"mailto:certamen@canal-literatura.com\">certamen@canal-literatura.com<\/a><\/strong><\/p>\n<p style=\"text-align: justify;\">Puedes descargarlos pinchando en los enlaces siguientes:<\/p>\n<p style=\"text-align: justify;\" align=\"left\">a)- <strong><a href=\"https:\/\/www.canal-literatura.com\/Apoesia7\/documentos\/formulario_plica_Poemas2012.doc\" target=\"_blank\">Formulario Datos del Autor-PLICA<\/a><\/strong><\/p>\n<p style=\"text-align: justify;\" align=\"left\">b)- <a href=\"https:\/\/www.canal-literatura.com\/Apoesia7\/documentos\/declaracion_Poemas2012.doc\" target=\"_blank\"><strong>Declaraci\u00f3n del autor<\/strong><\/a><\/p>\n<p style=\"text-align: justify;\" align=\"left\">c)- <strong><a href=\"https:\/\/www.canal-literatura.com\/Apoesia7\/documentos\/Poema_concursante2012.doc\" target=\"_blank\">Versos del poema incluyendo t\u00edtulo y seud\u00f3nimo.<\/a><\/strong><\/p>\n<p style=\"text-align: justify;\"><strong>6<\/strong>. El plazo de recepci\u00f3n de originales finalizar\u00e1 el 15 de mayo de 2012.<\/p>\n<p style=\"text-align: justify;\"><strong>7<\/strong>. Se otorgar\u00e1n tres premios que consistir\u00e1n (de momento) en:<\/p>\n<p style=\"text-align: justify;\">\u2022 Primer premio: <strong>200 euros, trofeo <\/strong><\/p>\n<p style=\"text-align: justify;\">\u2022 Segundo premio: <strong>100 euros, trofeo <\/strong><\/p>\n<p style=\"text-align: justify;\">\u2022 Tercer premio: <strong>50 euros, trofeo <\/strong><\/p>\n<p style=\"text-align: justify;\" align=\"center\">\u00a0<\/p>\n<p style=\"text-align: justify;\">\u2022 <strong>Premio especial del p\u00fablico:<\/strong> <strong>Trofeo<\/strong> y la dotaci\u00f3n de este premio que ser\u00e1 la aportaci\u00f3n de los participantes del certamen que deseen contribuir con cualquier cantidad desde 1 euro.<\/p>\n<p style=\"text-align: justify;\">Todos los poemas finalistas\u00a0 pasar\u00e1n a formar parte de la secci\u00f3n en la Web: <strong>\u201cPoemas sin Rostro\u201d en texto y audio.<\/strong><\/p>\n<p style=\"text-align: justify;\"><strong>8<\/strong>. La propiedad de las obras ser\u00e1 de los autores aunque la Asociaci\u00f3n Canal literatura se reserva el derecho de <strong>la primera publicaci\u00f3n de todas las obras en su Web durante y despu\u00e9s del certamen indefinidamente <\/strong>y la primera publicaci\u00f3n impresa de\u00a0premiados y finalistas en el segundo volumen de \u201cPoemas en el Canal\u201d en caso de decidirse su publicaci\u00f3n y contar con los medios econ\u00f3micos que la posibiliten.<\/p>\n<p style=\"text-align: justify;\"><strong>9<\/strong>. Los premios de este certamen no podr\u00e1n declararse desiertos.<\/p>\n<p style=\"text-align: justify;\"><strong>10<\/strong>. El fallo del Jurado, que resolver\u00e1 a su criterio las dudas que pueda plantear la interpretaci\u00f3n de estas Bases o cualquier incidencia que pueda surgir durante el desarrollo del certamen, ser\u00e1 inapelable y se har\u00e1 p\u00fablico en la web del canal literatura y en el peri\u00f3dico La Verdad.es<\/p>\n<p style=\"text-align: justify;\"><strong>11<\/strong>. Si alg\u00fan participante utilizara un seud\u00f3nimo que pudiera ser reconocido o crear alg\u00fan tipo de confusi\u00f3n con los nick (alias) usados habitualmente en el canal literatura o en cert\u00e1menes anteriores, ser\u00e1 informado v\u00eda correo electr\u00f3nico de esta circunstancia, para que proceda al cambio del mismo. En \u00faltimo caso, se le asignar\u00eda un seud\u00f3nimo alfanum\u00e9rico aleatorio que garantizara su total anonimato para todos los \u00e1mbitos del certamen.<\/p>\n<p style=\"text-align: justify;\"><strong>12.<\/strong> De igual forma se advierte a los concursantes <strong>que no deben compartir sus relatos en las redes sociales hasta la publicaci\u00f3n de los 10 finalistas<\/strong> (Tuenti, Facebook,Twiter, etc\u2026) si esto conlleva desvelar la autor\u00eda y la identidad real del autor que esta participando.<\/p>\n<p style=\"text-align: justify;\"><strong>La participaci\u00f3n en el\u00a0<\/strong><strong>certamen implica la \u00edntegra aceptaci\u00f3n de las presentes Bases.<\/strong><\/p>\n<p style=\"text-align: justify;\">Recomendamos acceder a la web especial del premio para estar informado correctamente y <strong>descargar los formularios originales<\/strong> para poder participar en:<\/p>\n<p style=\"text-align: justify;\" align=\"center\"><strong><a href=\"https:\/\/www.canal-literatura.com\/Apoesia7\/\">https:\/\/www.canal-literatura.com\/Apoesia7\/<\/a><\/strong><\/p>\n<p style=\"text-align: justify;\"><strong>13<\/strong>. Los poemas que no figuren es esta web trascurrido el plazo de una semana desde su env\u00edo, es que no han sido admitidos.<\/p>\n<p style=\"text-align: justify;\"><strong>14<\/strong>. La votaci\u00f3n del p\u00fablico se har\u00e1, una vez finalizado el plazo de presentaci\u00f3n en esta web y por el sistema de estrellas que aparecer\u00e1n debajo de cada poema. El proceso y las normas de votaci\u00f3n se anunciar\u00e1 una vez finalizado el plazo de entrega de originales.<\/p>\n<p style=\"text-align: justify;\">\u2022 Queremos resaltar desde ahora que todas las votaciones efectuadas consideradas fraudulentas ser\u00e1n borradas.Todas las votaciones duplicadas que se compruebe que proceden de una misma IP ser\u00e1n borradas. Advertimos como cada a\u00f1o que <strong>no se dar\u00e1 ninguna explicaci\u00f3n sobre estas decisiones t\u00e9cnicas.<\/strong><\/p>\n<p style=\"text-align: justify;\">\u2022 Las aportaciones de los usuarios y concursantes a estos premios pueden hacerse por transferencia a la cuenta de la Asociaci\u00f3n Canal Literatura indicando:<\/p>\n<p style=\"text-align: justify;\" align=\"left\">Aportaci\u00f3n Premio del Publico, indicando el nombre o NIck.<em><\/em><\/p>\n<p style=\"text-align: justify;\" align=\"left\"><strong>N\u00ba de cuenta 2043 0143 46 0200004600 <\/strong><em><\/em><\/p>\n<p style=\"text-align: justify;\" align=\"left\">Pod\u00e9is ver las aportaciones en el apartado siguiente:<em><br \/>\n<\/em><strong>Aportaciones al Premio Especial del P\u00fablico<\/strong><em><\/em><\/p>\n","protected":false},"excerpt":{"rendered":"<p>Bases del certamen 1. Podr\u00e1 participar en este certamen cualquier autor mayor de edad que lo desee, con una sola obra, escrita en espa\u00f1ol. a)- Quedan excluidos para participar los\u00a0premiados en \u00a0la edici\u00f3n anterior en cualquiera de sus categor\u00edas (Primer &hellip; <a href=\"https:\/\/www.canal-literatura.com\/Apoesia7\/pagina-ejemplo\/\">Sigue leyendo <span class=\"meta-nav\">&rarr;<\/span><\/a><\/p>\n","protected":false},"author":1,"featured_media":0,"parent":0,"menu_order":1,"comment_status":"closed","ping_status":"closed","template":"sidebar-page.php","meta":{"footnotes":""},"class_list":["post-2","page","type-page","status-publish","hentry"],"_links":{"self":[{"href":"https:\/\/www.canal-literatura.com\/Apoesia7\/wp-json\/wp\/v2\/pages\/2","targetHints":{"allow":["GET"]}}],"collection":[{"href":"https:\/\/www.canal-literatura.com\/Apoesia7\/wp-json\/wp\/v2\/pages"}],"about":[{"href":"https:\/\/www.canal-literatura.com\/Apoesia7\/wp-json\/wp\/v2\/types\/page"}],"author":[{"embeddable":true,"href":"https:\/\/www.canal-literatura.com\/Apoesia7\/wp-json\/wp\/v2\/users\/1"}],"replies":[{"embeddable":true,"href":"https:\/\/www.canal-literatura.com\/Apoesia7\/wp-json\/wp\/v2\/comments?post=2"}],"version-history":[{"count":0,"href":"https:\/\/www.canal-literatura.com\/Apoesia7\/wp-json\/wp\/v2\/pages\/2\/revisions"}],"wp:attachment":[{"href":"https:\/\/www.canal-literatura.com\/Apoesia7\/wp-json\/wp\/v2\/media?parent=2"}],"curies":[{"name":"wp","href":"https:\/\/api.w.org\/{rel}","templated":true}]}}