{"id":8,"date":"2009-09-28T21:40:35","date_gmt":"2009-09-28T19:40:35","guid":{"rendered":"https:\/\/www.canal-literatura.com\/Apoesia5\/?page_id=8"},"modified":"2013-09-25T08:14:11","modified_gmt":"2013-09-25T07:14:11","slug":"jurado","status":"publish","type":"page","link":"https:\/\/www.canal-literatura.com\/Apoesia5\/jurado\/","title":{"rendered":"Jurado"},"content":{"rendered":"<h1 style=\"text-align: center;\"><span style=\"color: #008000;\">Jurado del V\u00a0Certamen \u00abPoemas sin Rostro\u00bb\u00a0<\/span><\/h1>\n<h2 style=\"text-align: center;\">Jos\u00e9 Belmonte Serrano<\/h2>\n<div style=\"width: 310px\" class=\"wp-caption aligncenter\"><a href=\"https:\/\/canal-literatura.com\/blog\/zona-literaria\/d-jose-belmonte-serrano-presidente-de-honor-de-la-asociacion-canal-literatura\/\"><img loading=\"lazy\" decoding=\"async\" class=\" \" title=\"Jos\u00e9 Belmonte Serrano\" alt=\"Jos\u00e9 Belmonte Serrano\" src=\"https:\/\/www.canal-literatura.com\/7certamen\/jurado\/JUANLEAL-JOSE%20BELMONTE_07.jpg\" width=\"300\" height=\"367\" \/><\/a><p class=\"wp-caption-text\">Jos\u00e9 Belmonte Serrano<\/p><\/div>\n<p align=\"center\">Profesor Titular de Did\u00e1ctica de la Lengua y la Literatura de la Facultad de Educaci\u00f3n de la Universidad de Murcia, cr\u00edtico literario del Peri\u00f3dico La Verdad, Director del semanario cultural ABABOL y Presidente de Honor de la Asociaci\u00f3n Canal Literatura.<\/p>\n<p align=\"center\"><span style=\"color: #1e96e0;\">Pincha en la imagen para m\u00e1s informaci\u00f3n.<\/span><\/p>\n<h2 style=\"text-align: center;\"><span style=\"color: #000000;\">Antonia \u00c1lvarez \u00c1lvarez<\/span><\/h2>\n<div style=\"width: 260px\" class=\"wp-caption aligncenter\"><a href=\"https:\/\/canal-literatura.com\/blog\/zona-literaria\/antonia-alvarez-alvarez\/\"><img loading=\"lazy\" decoding=\"async\" class=\" \" title=\"Antonia \u00c1lvarez \u00c1lvarez\" alt=\"Antonia \u00c1lvarez \u00c1lvarez\" src=\"https:\/\/www.canal-literatura.com\/7certamen\/jurado\/Antonia_Alvarez_Alvarez3.jpg\" width=\"250\" height=\"396\" \/><\/a><p class=\"wp-caption-text\">Antonia \u00c1lvarez \u00c1lvarez<\/p><\/div>\n<p style=\"text-align: center;\">Licenciada en Filolog\u00eda Rom\u00e1nica por Salamanca y Oviedo. Ganadora del I Certamen \u00abPoemas sin Rostro\u00bb 2005. Con numerosos premios\u00a0 y libros en su haber, en la actualidad es jurado de otros premios y es\u00a0un honor para nosotros que forme parte de este jurado precisamente con quien le ortog\u00f3 en el 2005 el primer premio.<\/p>\n<p align=\"center\"><span style=\"color: #1e96e0;\">Pincha en la imagen para m\u00e1s informaci\u00f3n.<\/span><\/p>\n<p align=\"center\">\n<p style=\"text-align: center;\"><span style=\"color: #008000;\"><strong>Grupo de lectura:<\/strong><br \/>\n<\/span>Formado por miembros de la Asociaci\u00f3n Canal literatura y de la Escuela de Escritores \u201cAlonso Quijano\u201d.<\/p>\n<p style=\"text-align: center;\">\u00a0<strong><span style=\"color: #008000;\">Fechas :<br \/>\n<\/span><\/strong>Convocatoria: 10 de Octubre\u00a0 2009<\/p>\n<p style=\"text-align: center;\">Cierre del plazo de env\u00edo de originales:\u00a010 de Diciembre 2009<br \/>\nPublicaci\u00f3n de los finalistas del Certamen y premio especial del p\u00fablico: Por determinar.<\/p>\n<p style=\"text-align: center;\"><strong><span style=\"color: #008000;\">Patrocinado la Regi\u00f3n de Murcia.<\/span><\/strong><\/p>\n<p style=\"text-align: center;\"><!-- BBCode Start --><strong><img decoding=\"async\" class=\"aligncenter\" alt=\"\" src=\"https:\/\/www.canal-literatura.com\/banner\/RegiondeMurcia2008.jpg\" \/><\/strong><\/p>\n","protected":false},"excerpt":{"rendered":"<p>Jurado del V\u00a0Certamen \u00abPoemas sin Rostro\u00bb\u00a0 Jos\u00e9 Belmonte Serrano Profesor Titular de Did\u00e1ctica de la Lengua y la Literatura de la Facultad de Educaci\u00f3n de la Universidad de Murcia, cr\u00edtico literario del Peri\u00f3dico La Verdad, Director del semanario cultural ABABOL y Presidente de Honor de la Asociaci\u00f3n Canal Literatura. Pincha en la imagen para m\u00e1s [&hellip;]<\/p>\n","protected":false},"author":1,"featured_media":0,"parent":0,"menu_order":2,"comment_status":"open","ping_status":"open","template":"","meta":{"footnotes":""},"class_list":["post-8","page","type-page","status-publish","hentry"],"amp_enabled":true,"_links":{"self":[{"href":"https:\/\/www.canal-literatura.com\/Apoesia5\/wp-json\/wp\/v2\/pages\/8","targetHints":{"allow":["GET"]}}],"collection":[{"href":"https:\/\/www.canal-literatura.com\/Apoesia5\/wp-json\/wp\/v2\/pages"}],"about":[{"href":"https:\/\/www.canal-literatura.com\/Apoesia5\/wp-json\/wp\/v2\/types\/page"}],"author":[{"embeddable":true,"href":"https:\/\/www.canal-literatura.com\/Apoesia5\/wp-json\/wp\/v2\/users\/1"}],"replies":[{"embeddable":true,"href":"https:\/\/www.canal-literatura.com\/Apoesia5\/wp-json\/wp\/v2\/comments?post=8"}],"version-history":[{"count":0,"href":"https:\/\/www.canal-literatura.com\/Apoesia5\/wp-json\/wp\/v2\/pages\/8\/revisions"}],"wp:attachment":[{"href":"https:\/\/www.canal-literatura.com\/Apoesia5\/wp-json\/wp\/v2\/media?parent=8"}],"curies":[{"name":"wp","href":"https:\/\/api.w.org\/{rel}","templated":true}]}}